{"id":13,"date":"2021-11-20T18:36:18","date_gmt":"2021-11-20T17:36:18","guid":{"rendered":"https:\/\/baudenergiesservices.com\/?page_id=13"},"modified":"2026-02-06T08:38:19","modified_gmt":"2026-02-06T07:38:19","slug":"13-2","status":"publish","type":"page","link":"https:\/\/baudenergiesservices.com\/","title":{"rendered":"Baud Energies &#038; Services"},"content":{"rendered":"\n<hr class=\"wp-block-separator has-text-color has-accent-color has-css-opacity has-accent-background-color has-background\"\/>\n\n\n\n<div class=\"wp-block-media-text alignwide is-stacked-on-mobile\"><figure class=\"wp-block-media-text__media\"><img loading=\"lazy\" decoding=\"async\" width=\"1024\" height=\"487\" src=\"https:\/\/baudenergiesservices.com\/wp-content\/uploads\/2022\/04\/IMG_21695365-1-1024x487.jpg\" alt=\"\" class=\"wp-image-75 size-full\" srcset=\"https:\/\/baudenergiesservices.com\/wp-content\/uploads\/2022\/04\/IMG_21695365-1-1024x487.jpg 1024w, https:\/\/baudenergiesservices.com\/wp-content\/uploads\/2022\/04\/IMG_21695365-1-300x143.jpg 300w, https:\/\/baudenergiesservices.com\/wp-content\/uploads\/2022\/04\/IMG_21695365-1-768x365.jpg 768w, https:\/\/baudenergiesservices.com\/wp-content\/uploads\/2022\/04\/IMG_21695365-1-1536x731.jpg 1536w, https:\/\/baudenergiesservices.com\/wp-content\/uploads\/2022\/04\/IMG_21695365-1-1200x571.jpg 1200w, https:\/\/baudenergiesservices.com\/wp-content\/uploads\/2022\/04\/IMG_21695365-1.jpg 1839w\" sizes=\"auto, (max-width: 1024px) 100vw, 1024px\" \/><\/figure><div class=\"wp-block-media-text__content\">\n<p class=\"has-large-font-size\">Notre soci\u00e9t\u00e9 <strong>Baud Energies &amp; Services<\/strong> est install\u00e9e dans le Morbihan sur la commune de <strong>Baud<\/strong>. <\/p>\n\n\n\n<p><strong>ZI de Kermarec et 17 rue d&#8217;Auray<\/strong>.<\/p>\n\n\n\n<p><strong>Pellets, charbon, bois d&#8217;allumage y sont en vente:<\/strong><\/p>\n\n\n\n<p><strong>En Palette de 66 sacs ou 70 sacs <\/strong> <strong>suivant la marque.<\/strong><\/p>\n\n\n\n<p><strong>En libre service au distributeur 24h\/7j, situ\u00e9 \u00e0 la zone de Kermarec.<\/strong><\/p>\n\n\n\n<p><strong>En boutique , \u00e0 la station service,  17 rue d&#8217;Auray.<\/strong><\/p>\n\n\n\n<p class=\"has-large-font-size\">Horaires d&#8217;ouverture :<\/p>\n\n\n\n<p><strong>Lu<\/strong>n<strong>di au vendredi 7h30-12h30 \/14h30-19h00<\/strong><\/p>\n\n\n\n<p><strong>Samedi 8h30-12h30<\/strong> ferm\u00e9 en juillet et aout .<\/p>\n\n\n\n<p><\/p>\n<\/div><\/div>\n\n\n\n<div class=\"wp-block-columns is-layout-flex wp-container-core-columns-is-layout-9d6595d7 wp-block-columns-is-layout-flex\">\n<div class=\"wp-block-column is-layout-flow wp-block-column-is-layout-flow\">\n<h2 class=\"wp-block-heading has-accent-color has-text-color\">C&#8217;est le moment de r\u00e9server<\/h2>\n\n\n\n<h2 class=\"wp-block-heading has-accent-color has-text-color\">       Les granul\u00e9s de bois<\/h2>\n<\/div>\n<\/div>\n\n\n\n<figure class=\"wp-block-image size-large\"><img loading=\"lazy\" decoding=\"async\" width=\"1024\" height=\"1007\" src=\"https:\/\/baudenergiesservices.com\/wp-content\/uploads\/2023\/05\/IMG_3656-1-1024x1007.jpg\" alt=\"\" class=\"wp-image-135\" srcset=\"https:\/\/baudenergiesservices.com\/wp-content\/uploads\/2023\/05\/IMG_3656-1-1024x1007.jpg 1024w, https:\/\/baudenergiesservices.com\/wp-content\/uploads\/2023\/05\/IMG_3656-1-300x295.jpg 300w, https:\/\/baudenergiesservices.com\/wp-content\/uploads\/2023\/05\/IMG_3656-1-768x755.jpg 768w, https:\/\/baudenergiesservices.com\/wp-content\/uploads\/2023\/05\/IMG_3656-1-1536x1510.jpg 1536w, https:\/\/baudenergiesservices.com\/wp-content\/uploads\/2023\/05\/IMG_3656-1-2048x2013.jpg 2048w, https:\/\/baudenergiesservices.com\/wp-content\/uploads\/2023\/05\/IMG_3656-1-1200x1180.jpg 1200w, https:\/\/baudenergiesservices.com\/wp-content\/uploads\/2023\/05\/IMG_3656-1-1980x1947.jpg 1980w\" sizes=\"auto, (max-width: 1024px) 100vw, 1024px\" \/><\/figure>\n\n\n\n<hr class=\"wp-block-separator has-text-color has-accent-color has-css-opacity has-accent-background-color has-background\"\/>\n\n\n\n<figure class=\"wp-block-pullquote has-text-align-left has-background has-accent-background-color is-style-solid-color has-background-color has-text-color\"><blockquote><p><strong>L&#8217;ETE ARRIVE  <\/strong><br><strong>LES BARBECUES AUSSI<\/strong><\/p><\/blockquote><\/figure>\n\n\n\n<div class=\"wp-block-group alignwide\"><div class=\"wp-block-group__inner-container is-layout-flow wp-block-group-is-layout-flow\">\n<div class=\"wp-block-columns alignwide is-layout-flex wp-container-core-columns-is-layout-9d6595d7 wp-block-columns-is-layout-flex\">\n<div class=\"wp-block-column is-layout-flow wp-block-column-is-layout-flow\">\n<div class=\"wp-block-group\"><div class=\"wp-block-group__inner-container is-layout-flow wp-block-group-is-layout-flow\">\n<figure class=\"wp-block-image size-large\"><img loading=\"lazy\" decoding=\"async\" width=\"768\" height=\"1024\" src=\"https:\/\/baudenergiesservices.com\/wp-content\/uploads\/2022\/04\/bois-1-1-768x1024.jpg\" alt=\"\" class=\"wp-image-72\" srcset=\"https:\/\/baudenergiesservices.com\/wp-content\/uploads\/2022\/04\/bois-1-1-768x1024.jpg 768w, https:\/\/baudenergiesservices.com\/wp-content\/uploads\/2022\/04\/bois-1-1-225x300.jpg 225w, https:\/\/baudenergiesservices.com\/wp-content\/uploads\/2022\/04\/bois-1-1-1152x1536.jpg 1152w, https:\/\/baudenergiesservices.com\/wp-content\/uploads\/2022\/04\/bois-1-1-1200x1600.jpg 1200w, https:\/\/baudenergiesservices.com\/wp-content\/uploads\/2022\/04\/bois-1-1-rotated.jpg 1512w\" sizes=\"auto, (max-width: 768px) 100vw, 768px\" \/><\/figure>\n<\/div><\/div>\n\n\n\n<h2 class=\"wp-block-heading\">CHARBON DE BOIS DU PERCHE <\/h2>\n\n\n\n<p class=\"has-normal-font-size\">Adapt\u00e9 pour grill professionnel et barbecue. Le charbon de bois du Perche est \u00e9labor\u00e9 \u00e0 partir de bois ch\u00eane, h\u00eatre et divers, de fa\u00e7on artisanale avec une production Fran\u00e7aise.<\/p>\n\n\n\n<p class=\"has-larger-font-size\"><strong>Le sac de 50L        16.50\u20acttc<\/strong><\/p>\n\n\n\n\n\n<p><\/p>\n<\/div>\n\n\n\n<div class=\"wp-block-column is-layout-flow wp-block-column-is-layout-flow\">\n<figure class=\"wp-block-image size-large\"><img loading=\"lazy\" decoding=\"async\" width=\"768\" height=\"1024\" src=\"https:\/\/baudenergiesservices.com\/wp-content\/uploads\/2022\/04\/charbon-1-768x1024.jpg\" alt=\"\" class=\"wp-image-73\" srcset=\"https:\/\/baudenergiesservices.com\/wp-content\/uploads\/2022\/04\/charbon-1-768x1024.jpg 768w, https:\/\/baudenergiesservices.com\/wp-content\/uploads\/2022\/04\/charbon-1-225x300.jpg 225w, https:\/\/baudenergiesservices.com\/wp-content\/uploads\/2022\/04\/charbon-1-1152x1536.jpg 1152w, https:\/\/baudenergiesservices.com\/wp-content\/uploads\/2022\/04\/charbon-1-1200x1600.jpg 1200w, https:\/\/baudenergiesservices.com\/wp-content\/uploads\/2022\/04\/charbon-1-rotated.jpg 1512w\" sizes=\"auto, (max-width: 768px) 100vw, 768px\" \/><\/figure>\n\n\n\n<h2 class=\"wp-block-heading\">BOIS D&#8217;ALLUMAGE<\/h2>\n\n\n\n<p class=\"has-normal-font-size\">Le bois d&#8217;allumage de la marque TotalEnergies est 100% bois naturel et avec une fabrication Fran\u00e7aise. Il vous assure un d\u00e9marrage rapide de vos feux de bois pour tous les types d\u2019\u00e9quipements de chauffage gr\u00e2ce \u00e0 un bois extra sec et un taux d\u2019humidit\u00e9 inf\u00e9rieur \u00e0 15%. Il est propre, sans contrainte et n\u2019encrassera pas vos \u00e9quipements. Parfait pour le barbecue.<\/p>\n\n\n\n<p class=\"has-larger-font-size\"><strong>Le sac de 20L            5.10\u20acttc<\/strong><\/p>\n\n\n<\/div>\n<\/div>\n<\/div><\/div>\n\n\n\n<hr class=\"wp-block-separator has-text-color has-accent-color has-css-opacity has-accent-background-color has-background is-style-default\"\/>\n\n\n\n<p class=\"has-larger-font-size\"><\/p>\n\n\n\n<h2 class=\"wp-block-heading\"><\/h2>\n\n\n\n<pre class=\"wp-block-preformatted\"><\/pre>\n\n\n\n<figure class=\"wp-block-pullquote has-text-align-left has-background is-style-solid-color has-background-color has-text-color\" style=\"background-color:#cd2653\"><blockquote><p><strong>NOS PELLETS<\/strong><\/p><\/blockquote><\/figure>\n\n\n\n<p class=\"has-large-font-size\">Notre soci\u00e9t\u00e9 Baud Energies &amp; Services vend des pellets (granul\u00e9s de bois) de la marque <strong>Total Energies<\/strong> et <strong>Breizh&#8217;Flam<\/strong> sur la commune de Baud dans le Morbihan .<\/p>\n\n\n\n<p class=\"has-text-align-center has-larger-font-size\"><strong>En stock<\/strong> :<\/p>\n\n\n\n<h2 class=\"wp-block-heading\"><strong>Pellets TotalEnergies<\/strong>:<\/h2>\n\n\n\n<p class=\"has-large-font-size\">Il s&#8217;agit du produit premium de leur gamme, il est certifi\u00e9 DIN plus et fabriqu\u00e9 en Bretagne.<\/p>\n\n\n<div class=\"wp-block-image\">\n<figure class=\"aligncenter size-full\"><img loading=\"lazy\" decoding=\"async\" width=\"606\" height=\"744\" src=\"https:\/\/baudenergiesservices.com\/wp-content\/uploads\/2023\/05\/pellet-2.png\" alt=\"\" class=\"wp-image-126\" srcset=\"https:\/\/baudenergiesservices.com\/wp-content\/uploads\/2023\/05\/pellet-2.png 606w, https:\/\/baudenergiesservices.com\/wp-content\/uploads\/2023\/05\/pellet-2-244x300.png 244w\" sizes=\"auto, (max-width: 606px) 100vw, 606px\" \/><figcaption class=\"wp-element-caption\"><span class=\"has-inline-color has-accent-color\">Palette de 66 sacs. Poids : 990kg. Dimensions: 1,2L x 1l x 1,85 h<\/span><\/figcaption><\/figure>\n<\/div>\n\n\n<div class=\"wp-block-columns is-layout-flex wp-container-core-columns-is-layout-9d6595d7 wp-block-columns-is-layout-flex\">\n<div class=\"wp-block-column is-layout-flow wp-block-column-is-layout-flow\">\n<figure class=\"wp-block-image size-large is-resized\"><img loading=\"lazy\" decoding=\"async\" width=\"460\" height=\"1024\" src=\"https:\/\/baudenergiesservices.com\/wp-content\/uploads\/2023\/05\/IMG_3651-2-460x1024.jpg\" alt=\"\" class=\"wp-image-131\" style=\"width:608px;height:1353px\" srcset=\"https:\/\/baudenergiesservices.com\/wp-content\/uploads\/2023\/05\/IMG_3651-2-460x1024.jpg 460w, https:\/\/baudenergiesservices.com\/wp-content\/uploads\/2023\/05\/IMG_3651-2-135x300.jpg 135w, https:\/\/baudenergiesservices.com\/wp-content\/uploads\/2023\/05\/IMG_3651-2-768x1710.jpg 768w, https:\/\/baudenergiesservices.com\/wp-content\/uploads\/2023\/05\/IMG_3651-2-690x1536.jpg 690w, https:\/\/baudenergiesservices.com\/wp-content\/uploads\/2023\/05\/IMG_3651-2-920x2048.jpg 920w, https:\/\/baudenergiesservices.com\/wp-content\/uploads\/2023\/05\/IMG_3651-2-1200x2672.jpg 1200w, https:\/\/baudenergiesservices.com\/wp-content\/uploads\/2023\/05\/IMG_3651-2-scaled.jpg 1150w\" sizes=\"auto, (max-width: 460px) 100vw, 460px\" \/><\/figure>\n<\/div>\n<\/div>\n\n\n\n<h2 class=\"wp-block-heading\"><strong>Pellets Breizh&#8217;Flam<\/strong><\/h2>\n\n\n\n<div class=\"wp-block-group\"><div class=\"wp-block-group__inner-container is-layout-flow wp-block-group-is-layout-flow\">\n<div class=\"wp-block-group\"><div class=\"wp-block-group__inner-container is-layout-flow wp-block-group-is-layout-flow\">\n<p class=\"has-large-font-size\">Certifi\u00e9s DINplus  NF ,100% r\u00e9sineux et fabriqu\u00e9s en Bretagne.<\/p>\n<\/div><\/div>\n<\/div><\/div>\n\n\n\n<figure class=\"wp-block-image size-large is-resized\"><img loading=\"lazy\" decoding=\"async\" width=\"616\" height=\"1024\" src=\"https:\/\/baudenergiesservices.com\/wp-content\/uploads\/2023\/07\/IMG_0012-616x1024.png\" alt=\"\" class=\"wp-image-152\" style=\"width:499px;height:831px\" srcset=\"https:\/\/baudenergiesservices.com\/wp-content\/uploads\/2023\/07\/IMG_0012-616x1024.png 616w, https:\/\/baudenergiesservices.com\/wp-content\/uploads\/2023\/07\/IMG_0012-180x300.png 180w, https:\/\/baudenergiesservices.com\/wp-content\/uploads\/2023\/07\/IMG_0012-768x1277.png 768w, https:\/\/baudenergiesservices.com\/wp-content\/uploads\/2023\/07\/IMG_0012-924x1536.png 924w, https:\/\/baudenergiesservices.com\/wp-content\/uploads\/2023\/07\/IMG_0012.png 1004w\" sizes=\"auto, (max-width: 616px) 100vw, 616px\" \/><figcaption class=\"wp-element-caption\"><span class=\"has-inline-color has-accent-color\">Palette  de 70sacs<\/span> <span class=\"has-inline-color has-accent-color\">de 15kg. Poids 1050kg .Dimensions 90&#215;110<\/span><\/figcaption><\/figure>\n\n\n\n<p><\/p>\n\n\n\n<div class=\"wp-block-file aligncenter\"><a href=\"https:\/\/baudenergiesservices.com\/wp-content\/uploads\/2023\/05\/IMG_3651-1-scaled.jpg\" class=\"wp-block-file__button wp-element-button\" download>T\u00e9l\u00e9charger<\/a><\/div>\n\n\n\n<div class=\"wp-block-columns alignwide is-layout-flex wp-container-core-columns-is-layout-9d6595d7 wp-block-columns-is-layout-flex\">\n<div class=\"wp-block-column is-layout-flow wp-block-column-is-layout-flow\"><\/div>\n<\/div>\n\n\n\n<p class=\"has-large-font-size\">Chez Baud Energies &amp; Services, vous pouvez acheter votre pellets  : <\/p>\n\n\n\n<ul class=\"wp-block-list has-large-font-size\">\n<li>au sac <span style=\"color:#46a300\" class=\"has-inline-color\">au distribut<\/span><span style=\"color:#19a300\" class=\"has-inline-color\">eur automatique <\/span>(casiers de 1,2, 3et 5 sacs)<\/li>\n\n\n\n<li>En boutique.<\/li>\n\n\n\n<li>En palette ou demi palette. <\/li>\n\n\n\n<li>Possibilit\u00e9 de stockage dans nos locaux 25 euros ttc.<\/li>\n\n\n\n<li>Vous pouvez r\u00e9server vos palettes d\u00e8s \u00e0 pr\u00e9sent  <\/li>\n<\/ul>\n\n\n\n<h2 class=\"wp-block-heading has-background\" style=\"background-color:#ffffff\">  Ne tardez pas , achetez d\u00e8s aujourd&#8217;hui<\/h2>\n\n\n\n<figure class=\"wp-block-table\"><table><tbody><tr><td><strong>Breizh&#8217;Flam                   La palette      70 sacs<\/strong><\/td><td><strong>395\u20ac ttc non livr\u00e9e<\/strong><br><\/td><\/tr><tr><td><strong>TotalEnergies               La palette      66 sacs<\/strong><\/td><td><strong>383\u20ac ttc non livr\u00e9e<\/strong><br><\/td><\/tr><\/tbody><\/table><\/figure>\n\n\n\n<hr class=\"wp-block-separator has-text-color has-accent-color has-css-opacity has-accent-background-color has-background\"\/>\n\n\n\n<figure class=\"wp-block-pullquote has-text-align-left has-background has-accent-background-color is-style-solid-color has-background-color has-text-color\"><blockquote><p>LES B\u00dbCHES DE BOIS<\/p><\/blockquote><\/figure>\n\n\n\n<div class=\"wp-block-columns is-layout-flex wp-container-core-columns-is-layout-9d6595d7 wp-block-columns-is-layout-flex\">\n<div class=\"wp-block-column is-layout-flow wp-block-column-is-layout-flow\">\n<p class=\"has-text-align-center has-normal-font-size\">Sur commande exclusivement.<\/p>\n<\/div>\n<\/div>\n\n\n\n<div class=\"wp-block-media-text alignwide has-media-on-the-right is-stacked-on-mobile\" style=\"grid-template-columns:auto 31%\"><div class=\"wp-block-media-text__content\">\n<p class=\"has-primary-color has-text-color has-large-font-size\"><strong>Les b\u00fbches Premium TotalEnergies<\/strong><\/p>\n\n\n\n<p>Les b\u00fbches, 100% feuillus durs, sont propres , s\u00e9ch\u00e9es partiellement \u00e9corc\u00e9es, permettent un allumage rapide. <\/p>\n\n\n\n<p>                                                                 En sacs de 25dm3 ou en palette de 70 sacs.<\/p>\n<\/div><figure class=\"wp-block-media-text__media\"><img loading=\"lazy\" decoding=\"async\" width=\"1000\" height=\"563\" src=\"https:\/\/baudenergiesservices.com\/wp-content\/uploads\/2022\/04\/Sacs-buches-total-prenium-TE.png\" alt=\"\" class=\"wp-image-77 size-full\" srcset=\"https:\/\/baudenergiesservices.com\/wp-content\/uploads\/2022\/04\/Sacs-buches-total-prenium-TE.png 1000w, https:\/\/baudenergiesservices.com\/wp-content\/uploads\/2022\/04\/Sacs-buches-total-prenium-TE-300x169.png 300w, https:\/\/baudenergiesservices.com\/wp-content\/uploads\/2022\/04\/Sacs-buches-total-prenium-TE-768x432.png 768w\" sizes=\"auto, (max-width: 1000px) 100vw, 1000px\" \/><\/figure><\/div>\n\n\n\n<div class=\"wp-block-columns is-layout-flex wp-container-core-columns-is-layout-9d6595d7 wp-block-columns-is-layout-flex\">\n<div class=\"wp-block-column is-layout-flow wp-block-column-is-layout-flow\"><div class=\"wp-block-image\">\n<figure class=\"alignleft size-full\"><img loading=\"lazy\" decoding=\"async\" width=\"287\" height=\"300\" src=\"https:\/\/baudenergiesservices.com\/wp-content\/uploads\/2023\/07\/buche_palette.5a379451.png\" alt=\"\" class=\"wp-image-151\"\/><\/figure>\n<\/div>\n\n\n<div class=\"wp-block-group\"><div class=\"wp-block-group__inner-container is-layout-flow wp-block-group-is-layout-flow\">\n<p class=\"has-normal-font-size\">Les&nbsp;b\u00fbches, en ballot vrac , de 25 cm (2.6 st\u00e8res) ou 40 cm (1.85 st\u00e8res).<\/p>\n<\/div><\/div>\n<\/div>\n<\/div>\n\n\n\n<figure class=\"wp-block-pullquote has-text-align-left has-background has-accent-background-color is-style-solid-color has-background-color has-text-color\"><blockquote><p><strong><span class=\"has-inline-color has-background-color\">ACTUALITES<\/span><\/strong><\/p><\/blockquote><\/figure>\n\n\n\n<p class=\"has-text-color\" style=\"color:#3cc178;font-size:27px\">Sur le site de Baud Box (ZI de Kermarec), mise en place d&#8217;un distributeur de pellets \u00e0 casiers automatique 24h\/7j de 1 \u00e0 5 sacs :<\/p>\n\n\n\n<div class=\"wp-block-columns is-layout-flex wp-container-core-columns-is-layout-9d6595d7 wp-block-columns-is-layout-flex\">\n<div class=\"wp-block-column is-layout-flow wp-block-column-is-layout-flow\"><\/div>\n<\/div>\n\n\n\n<figure class=\"wp-block-gallery has-nested-images columns-default is-cropped wp-block-gallery-3 is-layout-flex wp-block-gallery-is-layout-flex\">\n<figure class=\"wp-block-image size-large\"><img loading=\"lazy\" decoding=\"async\" width=\"1024\" height=\"768\" data-id=\"59\" src=\"https:\/\/baudenergiesservices.com\/wp-content\/uploads\/2021\/12\/IMG_1380-1-1024x768.jpg\" alt=\"\" class=\"wp-image-59\" srcset=\"https:\/\/baudenergiesservices.com\/wp-content\/uploads\/2021\/12\/IMG_1380-1-1024x768.jpg 1024w, https:\/\/baudenergiesservices.com\/wp-content\/uploads\/2021\/12\/IMG_1380-1-300x225.jpg 300w, https:\/\/baudenergiesservices.com\/wp-content\/uploads\/2021\/12\/IMG_1380-1-768x576.jpg 768w, https:\/\/baudenergiesservices.com\/wp-content\/uploads\/2021\/12\/IMG_1380-1-1536x1152.jpg 1536w, https:\/\/baudenergiesservices.com\/wp-content\/uploads\/2021\/12\/IMG_1380-1-2048x1536.jpg 2048w, https:\/\/baudenergiesservices.com\/wp-content\/uploads\/2021\/12\/IMG_1380-1-1200x900.jpg 1200w, https:\/\/baudenergiesservices.com\/wp-content\/uploads\/2021\/12\/IMG_1380-1-1980x1485.jpg 1980w\" sizes=\"auto, (max-width: 1024px) 100vw, 1024px\" \/><\/figure>\n\n\n\n<figure class=\"wp-block-image size-large\"><img loading=\"lazy\" decoding=\"async\" width=\"1024\" height=\"768\" data-id=\"60\" src=\"https:\/\/baudenergiesservices.com\/wp-content\/uploads\/2021\/12\/IMG_1387-1024x768.jpg\" alt=\"\" class=\"wp-image-60\" srcset=\"https:\/\/baudenergiesservices.com\/wp-content\/uploads\/2021\/12\/IMG_1387-1024x768.jpg 1024w, https:\/\/baudenergiesservices.com\/wp-content\/uploads\/2021\/12\/IMG_1387-300x225.jpg 300w, https:\/\/baudenergiesservices.com\/wp-content\/uploads\/2021\/12\/IMG_1387-768x576.jpg 768w, https:\/\/baudenergiesservices.com\/wp-content\/uploads\/2021\/12\/IMG_1387-1536x1152.jpg 1536w, https:\/\/baudenergiesservices.com\/wp-content\/uploads\/2021\/12\/IMG_1387-2048x1536.jpg 2048w, https:\/\/baudenergiesservices.com\/wp-content\/uploads\/2021\/12\/IMG_1387-1200x900.jpg 1200w, https:\/\/baudenergiesservices.com\/wp-content\/uploads\/2021\/12\/IMG_1387-1980x1485.jpg 1980w\" sizes=\"auto, (max-width: 1024px) 100vw, 1024px\" \/><\/figure>\n<\/figure>\n\n\n\n<figure class=\"wp-block-image size-full\"><img loading=\"lazy\" decoding=\"async\" width=\"940\" height=\"463\" src=\"https:\/\/baudenergiesservices.com\/wp-content\/uploads\/2023\/05\/MjAyMjAxMGQ3ZjAxYWE5NzJhNjI4MDkxODA5OTA0OTBhOWU3MjQ.jpg\" alt=\"\" class=\"wp-image-140\" srcset=\"https:\/\/baudenergiesservices.com\/wp-content\/uploads\/2023\/05\/MjAyMjAxMGQ3ZjAxYWE5NzJhNjI4MDkxODA5OTA0OTBhOWU3MjQ.jpg 940w, https:\/\/baudenergiesservices.com\/wp-content\/uploads\/2023\/05\/MjAyMjAxMGQ3ZjAxYWE5NzJhNjI4MDkxODA5OTA0OTBhOWU3MjQ-300x148.jpg 300w, https:\/\/baudenergiesservices.com\/wp-content\/uploads\/2023\/05\/MjAyMjAxMGQ3ZjAxYWE5NzJhNjI4MDkxODA5OTA0OTBhOWU3MjQ-768x378.jpg 768w\" sizes=\"auto, (max-width: 940px) 100vw, 940px\" \/><\/figure>\n\n\n\n<figure class=\"wp-block-image size-large\"><img loading=\"lazy\" decoding=\"async\" width=\"1024\" height=\"575\" src=\"https:\/\/baudenergiesservices.com\/wp-content\/uploads\/2023\/05\/Capture-decran-2023-05-04-165025-1024x575.png\" alt=\"\" class=\"wp-image-142\" srcset=\"https:\/\/baudenergiesservices.com\/wp-content\/uploads\/2023\/05\/Capture-decran-2023-05-04-165025-1024x575.png 1024w, https:\/\/baudenergiesservices.com\/wp-content\/uploads\/2023\/05\/Capture-decran-2023-05-04-165025-300x169.png 300w, https:\/\/baudenergiesservices.com\/wp-content\/uploads\/2023\/05\/Capture-decran-2023-05-04-165025-768x431.png 768w, https:\/\/baudenergiesservices.com\/wp-content\/uploads\/2023\/05\/Capture-decran-2023-05-04-165025-1200x674.png 1200w, https:\/\/baudenergiesservices.com\/wp-content\/uploads\/2023\/05\/Capture-decran-2023-05-04-165025.png 1392w\" sizes=\"auto, (max-width: 1024px) 100vw, 1024px\" \/><\/figure>\n\n\n\n<hr class=\"wp-block-separator has-css-opacity is-style-dots\"\/>\n\n\n\n<div class=\"wp-block-group\"><div class=\"wp-block-group__inner-container is-layout-flow wp-block-group-is-layout-flow\">\n<h2 class=\"wp-block-heading\">PLUS DE RENSEIGNEMENTS ? <\/h2>\n\n\n\n<p class=\"has-large-font-size\">TEL : 02 97 51 90 58 <\/p>\n\n\n\n<p class=\"has-large-font-size\">MAIL :  contact[@]baudenergiesservices.com <\/p>\n<\/div><\/div>\n","protected":false},"excerpt":{"rendered":"<p>Notre soci\u00e9t\u00e9 Baud Energies &amp; Services est install\u00e9e dans le Morbihan sur la commune de Baud. ZI de Kermarec et 17 rue d&#8217;Auray. Pellets, charbon, bois d&#8217;allumage y sont en vente: En Palette de 66 sacs ou 70 sacs suivant la marque. En libre service au distributeur 24h\/7j, situ\u00e9 \u00e0 la zone de Kermarec. En [&hellip;]<\/p>\n","protected":false},"author":1,"featured_media":0,"parent":0,"menu_order":0,"comment_status":"closed","ping_status":"closed","template":"","meta":{"_monsterinsights_skip_tracking":false,"_monsterinsights_sitenote_active":false,"_monsterinsights_sitenote_note":"","_monsterinsights_sitenote_category":0,"footnotes":""},"class_list":["post-13","page","type-page","status-publish","hentry"],"aioseo_notices":[],"_links":{"self":[{"href":"https:\/\/baudenergiesservices.com\/index.php\/wp-json\/wp\/v2\/pages\/13","targetHints":{"allow":["GET"]}}],"collection":[{"href":"https:\/\/baudenergiesservices.com\/index.php\/wp-json\/wp\/v2\/pages"}],"about":[{"href":"https:\/\/baudenergiesservices.com\/index.php\/wp-json\/wp\/v2\/types\/page"}],"author":[{"embeddable":true,"href":"https:\/\/baudenergiesservices.com\/index.php\/wp-json\/wp\/v2\/users\/1"}],"replies":[{"embeddable":true,"href":"https:\/\/baudenergiesservices.com\/index.php\/wp-json\/wp\/v2\/comments?post=13"}],"version-history":[{"count":62,"href":"https:\/\/baudenergiesservices.com\/index.php\/wp-json\/wp\/v2\/pages\/13\/revisions"}],"predecessor-version":[{"id":192,"href":"https:\/\/baudenergiesservices.com\/index.php\/wp-json\/wp\/v2\/pages\/13\/revisions\/192"}],"wp:attachment":[{"href":"https:\/\/baudenergiesservices.com\/index.php\/wp-json\/wp\/v2\/media?parent=13"}],"curies":[{"name":"wp","href":"https:\/\/api.w.org\/{rel}","templated":true}]}}